{"id":175,"date":"2021-08-15T09:09:43","date_gmt":"2021-08-15T07:09:43","guid":{"rendered":"http:\/\/support.sim-usa.mobi\/contactez-nous\/"},"modified":"2024-06-03T21:07:53","modified_gmt":"2024-06-03T19:07:53","slug":"contactez-nous","status":"publish","type":"page","link":"https:\/\/support.sim-usa.mobi\/fr\/contactez-nous\/","title":{"rendered":"Contactez-nous"},"content":{"rendered":"\n<p>Vous avez consult\u00e9 l\u2019ensemble de nos rubriques et vous ne trouvez pas la r\u00e9ponse \u00e0 votre question ?<br\/>Remplissez ce formulaire ci-dessous pour nous contacter, nous vous r\u00e9pondrons sous 24 heures maximum.<\/p>\n\n<p>Vous pouvez \u00e9galement nous envoyer un e-mail \u00e0 l&rsquo;adresse <span style=\"text-decoration: underline;\">support@sim-usa.mobi<\/span> ou nous contacter via <a href=\"https:\/\/wa.me\/33185412129\" title=\"\"><span style=\"text-decoration: underline;\">WhatsApp<\/span><\/a>.<\/p>\n<div class=\"wpforms-container wpforms-container-full\" id=\"wpforms-99\"><form id=\"wpforms-form-99\" class=\"wpforms-validate wpforms-form wpforms-ajax-form\" data-formid=\"99\" method=\"post\" enctype=\"multipart\/form-data\" action=\"\/fr\/wp-json\/wp\/v2\/pages\/175\" data-token=\"0b6b88bb8fd1aad18d5673eb25abe7fb\" data-token-time=\"1776359981\"><noscript class=\"wpforms-error-noscript\">Veuillez activer JavaScript dans votre navigateur pour remplir ce formulaire.<\/noscript><div class=\"wpforms-field-container\"><div id=\"wpforms-99-field_0-container\" class=\"wpforms-field wpforms-field-name\" data-field-id=\"0\"><label class=\"wpforms-field-label wpforms-label-hide\" for=\"wpforms-99-field_0\">Nom <span class=\"wpforms-required-label\">*<\/span><\/label><input type=\"text\" id=\"wpforms-99-field_0\" class=\"wpforms-field-large wpforms-field-required\" name=\"wpforms[fields][0]\" placeholder=\"Votre nom\" required><\/div><div id=\"wpforms-99-field_1-container\" class=\"wpforms-field wpforms-field-email\" data-field-id=\"1\"><label class=\"wpforms-field-label wpforms-label-hide\" for=\"wpforms-99-field_1\">E-mail <span class=\"wpforms-required-label\">*<\/span><\/label><input type=\"email\" id=\"wpforms-99-field_1\" class=\"wpforms-field-large wpforms-field-required\" name=\"wpforms[fields][1]\" placeholder=\"Votre e-mail\" spellcheck=\"false\" required><\/div><div id=\"wpforms-99-field_2-container\" class=\"wpforms-field wpforms-field-textarea\" data-field-id=\"2\"><label class=\"wpforms-field-label wpforms-label-hide\" for=\"wpforms-99-field_2\">Message <span class=\"wpforms-required-label\">*<\/span><\/label><textarea id=\"wpforms-99-field_2\" class=\"wpforms-field-medium wpforms-field-required\" name=\"wpforms[fields][2]\" placeholder=\"Votre message... Pour vous aider rapidement indiquez le plus de d\u00e9tails possible.\" required><\/textarea><\/div><\/div><!-- .wpforms-field-container --><div class=\"wpforms-submit-container\" ><input type=\"hidden\" name=\"wpforms[id]\" value=\"99\"><input type=\"hidden\" name=\"page_title\" value=\"\"><input type=\"hidden\" name=\"page_url\" value=\"https:\/\/support.sim-usa.mobi\/fr\/wp-json\/wp\/v2\/pages\/175\"><input type=\"hidden\" name=\"url_referer\" value=\"\"><button type=\"submit\" name=\"wpforms[submit]\" id=\"wpforms-submit-99\" class=\"wpforms-submit\" data-alt-text=\"Envoi en cours...\" data-submit-text=\"Envoyer\" aria-live=\"assertive\" value=\"wpforms-submit\">Envoyer<\/button><img decoding=\"async\" src=\"https:\/\/support.sim-usa.mobi\/wp-content\/plugins\/wpforms\/assets\/images\/submit-spin.svg\" class=\"wpforms-submit-spinner\" style=\"display: none;\" width=\"26\" height=\"26\" alt=\"Chargement en cours\"><\/div><\/form><\/div>  <!-- .wpforms-container -->\n","protected":false},"excerpt":{"rendered":"<p>Vous avez consult\u00e9 l\u2019ensemble de nos rubriques et vous ne trouvez pas la r\u00e9ponse \u00e0 votre question ?Remplissez ce formulaire ci-dessous pour nous contacter, nous vous r\u00e9pondrons sous 24 heures maximum. Vous pouvez \u00e9galement nous envoyer un e-mail \u00e0 l&rsquo;adresse support@sim-usa.mobi ou nous contacter via WhatsApp.<\/p>\n","protected":false},"author":2,"featured_media":0,"parent":0,"menu_order":0,"comment_status":"closed","ping_status":"closed","template":"","meta":{"footnotes":""},"class_list":["post-175","page","type-page","status-publish","hentry"],"aioseo_notices":[],"_links":{"self":[{"href":"https:\/\/support.sim-usa.mobi\/fr\/wp-json\/wp\/v2\/pages\/175","targetHints":{"allow":["GET"]}}],"collection":[{"href":"https:\/\/support.sim-usa.mobi\/fr\/wp-json\/wp\/v2\/pages"}],"about":[{"href":"https:\/\/support.sim-usa.mobi\/fr\/wp-json\/wp\/v2\/types\/page"}],"author":[{"embeddable":true,"href":"https:\/\/support.sim-usa.mobi\/fr\/wp-json\/wp\/v2\/users\/2"}],"replies":[{"embeddable":true,"href":"https:\/\/support.sim-usa.mobi\/fr\/wp-json\/wp\/v2\/comments?post=175"}],"version-history":[{"count":2,"href":"https:\/\/support.sim-usa.mobi\/fr\/wp-json\/wp\/v2\/pages\/175\/revisions"}],"predecessor-version":[{"id":931,"href":"https:\/\/support.sim-usa.mobi\/fr\/wp-json\/wp\/v2\/pages\/175\/revisions\/931"}],"wp:attachment":[{"href":"https:\/\/support.sim-usa.mobi\/fr\/wp-json\/wp\/v2\/media?parent=175"}],"curies":[{"name":"wp","href":"https:\/\/api.w.org\/{rel}","templated":true}]}}