{"id":171,"date":"2021-08-15T09:09:09","date_gmt":"2021-08-15T07:09:09","guid":{"rendered":"http:\/\/support.sim-usa.mobi\/kontaktieren-sie-uns\/"},"modified":"2024-06-03T21:09:59","modified_gmt":"2024-06-03T19:09:59","slug":"kontakt","status":"publish","type":"page","link":"https:\/\/support.sim-usa.mobi\/de\/kontakt\/","title":{"rendered":"Kontaktieren Sie uns"},"content":{"rendered":"\n<p>Sie haben alle unsere Rubriken geleseb und k\u00f6nnen die Antwort zu Ihrer Frage nicht finden?<br\/>F\u00fcllen Sie das u.s. Kontaktformular aus. Unser Ziel ist es innerhalb von maximal 24 Stunden zu antworten.<\/p>\n\n<p>Sie k\u00f6nnen uns auch eine E-Mail an <span style=\"text-decoration: underline;\">support@sim-usa.mobi<\/span> schicken oder uns \u00fcber <a href=\"https:\/\/wa.me\/33185412129\" title=\"\"><span style=\"text-decoration: underline;\">WhatsApp<\/span><\/a>.<\/p>\n<div class=\"wpforms-container wpforms-container-full\" id=\"wpforms-99\"><form id=\"wpforms-form-99\" class=\"wpforms-validate wpforms-form wpforms-ajax-form\" data-formid=\"99\" method=\"post\" enctype=\"multipart\/form-data\" action=\"\/de\/wp-json\/wp\/v2\/pages\/171\" data-token=\"127f01e8905ec049a96173533af50f5d\" data-token-time=\"1776195070\"><noscript class=\"wpforms-error-noscript\">Bitte aktiviere JavaScript in deinem Browser, um dieses Formular fertigzustellen.<\/noscript><div class=\"wpforms-field-container\"><div id=\"wpforms-99-field_0-container\" class=\"wpforms-field wpforms-field-name\" data-field-id=\"0\"><label class=\"wpforms-field-label wpforms-label-hide\" for=\"wpforms-99-field_0\">Name <span class=\"wpforms-required-label\">*<\/span><\/label><input type=\"text\" id=\"wpforms-99-field_0\" class=\"wpforms-field-large wpforms-field-required\" name=\"wpforms[fields][0]\" placeholder=\"Dein Name\" required><\/div><div id=\"wpforms-99-field_1-container\" class=\"wpforms-field wpforms-field-email\" data-field-id=\"1\"><label class=\"wpforms-field-label wpforms-label-hide\" for=\"wpforms-99-field_1\">Email <span class=\"wpforms-required-label\">*<\/span><\/label><input type=\"email\" id=\"wpforms-99-field_1\" class=\"wpforms-field-large wpforms-field-required\" name=\"wpforms[fields][1]\" placeholder=\"Deine E-Mail\" spellcheck=\"false\" required><\/div><div id=\"wpforms-99-field_2-container\" class=\"wpforms-field wpforms-field-textarea\" data-field-id=\"2\"><label class=\"wpforms-field-label wpforms-label-hide\" for=\"wpforms-99-field_2\">Nachricht <span class=\"wpforms-required-label\">*<\/span><\/label><textarea id=\"wpforms-99-field_2\" class=\"wpforms-field-medium wpforms-field-required\" name=\"wpforms[fields][2]\" placeholder=\"Deine Nachricht... Um Ihnen schnell zu helfen, so viele Details wie m\u00f6glich anzugeben.\" required><\/textarea><\/div><\/div><!-- .wpforms-field-container --><div class=\"wpforms-submit-container\" ><input type=\"hidden\" name=\"wpforms[id]\" value=\"99\"><input type=\"hidden\" name=\"page_title\" value=\"\"><input type=\"hidden\" name=\"page_url\" value=\"https:\/\/support.sim-usa.mobi\/de\/wp-json\/wp\/v2\/pages\/171\"><input type=\"hidden\" name=\"url_referer\" value=\"\"><button type=\"submit\" name=\"wpforms[submit]\" id=\"wpforms-submit-99\" class=\"wpforms-submit\" data-alt-text=\"Senden...\" data-submit-text=\"Senden\" aria-live=\"assertive\" value=\"wpforms-submit\">Senden<\/button><img decoding=\"async\" src=\"https:\/\/support.sim-usa.mobi\/wp-content\/plugins\/wpforms\/assets\/images\/submit-spin.svg\" class=\"wpforms-submit-spinner\" style=\"display: none;\" width=\"26\" height=\"26\" alt=\"Wird geladen\"><\/div><\/form><\/div>  <!-- .wpforms-container -->\n","protected":false},"excerpt":{"rendered":"<p>Sie haben alle unsere Rubriken geleseb und k\u00f6nnen die Antwort zu Ihrer Frage nicht finden?F\u00fcllen Sie das u.s. Kontaktformular aus. Unser Ziel ist es innerhalb von maximal 24 Stunden zu antworten. Sie k\u00f6nnen uns auch eine E-Mail an support@sim-usa.mobi schicken oder uns \u00fcber WhatsApp.<\/p>\n","protected":false},"author":2,"featured_media":0,"parent":0,"menu_order":0,"comment_status":"closed","ping_status":"closed","template":"","meta":{"footnotes":""},"class_list":["post-171","page","type-page","status-publish","hentry"],"aioseo_notices":[],"_links":{"self":[{"href":"https:\/\/support.sim-usa.mobi\/de\/wp-json\/wp\/v2\/pages\/171","targetHints":{"allow":["GET"]}}],"collection":[{"href":"https:\/\/support.sim-usa.mobi\/de\/wp-json\/wp\/v2\/pages"}],"about":[{"href":"https:\/\/support.sim-usa.mobi\/de\/wp-json\/wp\/v2\/types\/page"}],"author":[{"embeddable":true,"href":"https:\/\/support.sim-usa.mobi\/de\/wp-json\/wp\/v2\/users\/2"}],"replies":[{"embeddable":true,"href":"https:\/\/support.sim-usa.mobi\/de\/wp-json\/wp\/v2\/comments?post=171"}],"version-history":[{"count":4,"href":"https:\/\/support.sim-usa.mobi\/de\/wp-json\/wp\/v2\/pages\/171\/revisions"}],"predecessor-version":[{"id":935,"href":"https:\/\/support.sim-usa.mobi\/de\/wp-json\/wp\/v2\/pages\/171\/revisions\/935"}],"wp:attachment":[{"href":"https:\/\/support.sim-usa.mobi\/de\/wp-json\/wp\/v2\/media?parent=171"}],"curies":[{"name":"wp","href":"https:\/\/api.w.org\/{rel}","templated":true}]}}